{"id":815,"date":"2024-07-11T09:26:41","date_gmt":"2024-07-11T09:26:41","guid":{"rendered":"https:\/\/tc-medical-point.de\/?page_id=815"},"modified":"2024-07-11T09:30:45","modified_gmt":"2024-07-11T09:30:45","slug":"tesekkuer-ederim","status":"publish","type":"page","link":"https:\/\/tc-medical-point.de\/tr\/vielen-dank\/","title":{"rendered":"Te\u015fekk\u00fcr ederim"},"content":{"rendered":"<div data-elementor-type=\"wp-page\" data-elementor-id=\"815\" class=\"elementor elementor-815\" data-elementor-settings=\"{&quot;ha_cmc_init_switcher&quot;:&quot;no&quot;}\" data-elementor-post-type=\"page\">\n\t\t\t\t<div class=\"elementor-element elementor-element-7e1cf54 e-flex e-con-boxed e-con e-parent\" data-id=\"7e1cf54\" data-element_type=\"container\" data-e-type=\"container\" data-settings=\"{&quot;background_background&quot;:&quot;classic&quot;,&quot;_ha_eqh_enable&quot;:false}\">\n\t\t\t\t\t<div class=\"e-con-inner\">\n\t\t\t\t<div class=\"elementor-element elementor-element-9af803b elementor-widget elementor-widget-heading\" data-id=\"9af803b\" data-element_type=\"widget\" data-e-type=\"widget\" data-widget_type=\"heading.default\">\n\t\t\t\t<div class=\"elementor-widget-container\">\n\t\t\t\t\t<h2 class=\"elementor-heading-title elementor-size-default\">Te\u015fekk\u00fcr ederim!<\/h2>\t\t\t\t<\/div>\n\t\t\t\t<\/div>\n\t\t\t\t<div class=\"elementor-element elementor-element-a557169 elementor-widget elementor-widget-heading\" data-id=\"a557169\" data-element_type=\"widget\" data-e-type=\"widget\" data-widget_type=\"heading.default\">\n\t\t\t\t<div class=\"elementor-widget-container\">\n\t\t\t\t\t<h2 class=\"elementor-heading-title elementor-size-default\">Sizinle ileti\u015fime ge\u00e7ece\u011fiz.<\/h2>\t\t\t\t<\/div>\n\t\t\t\t<\/div>\n\t\t\t\t\t<\/div>\n\t\t\t\t<\/div>\n\t\t\t\t<\/div>","protected":false},"excerpt":{"rendered":"<p>Te\u015fekk\u00fcr ederiz! Size geri d\u00f6n\u00fc\u015f yapaca\u011f\u0131z.<\/p>","protected":false},"author":1,"featured_media":0,"parent":0,"menu_order":0,"comment_status":"closed","ping_status":"closed","template":"","meta":{"_seopress_robots_primary_cat":"","_seopress_titles_title":"Kontakt Best\u00e4tigung: Wir melden uns bald bei Ihnen!","_seopress_titles_desc":"Vielen Dank f\u00fcr Ihre Anfrage! Wir werden uns in K\u00fcrze bei Ihnen melden, um Ihre Fragen zu kl\u00e4ren.","_seopress_robots_index":"","footnotes":""},"class_list":["post-815","page","type-page","status-publish","hentry"],"_links":{"self":[{"href":"https:\/\/tc-medical-point.de\/tr\/wp-json\/wp\/v2\/pages\/815","targetHints":{"allow":["GET"]}}],"collection":[{"href":"https:\/\/tc-medical-point.de\/tr\/wp-json\/wp\/v2\/pages"}],"about":[{"href":"https:\/\/tc-medical-point.de\/tr\/wp-json\/wp\/v2\/types\/page"}],"author":[{"embeddable":true,"href":"https:\/\/tc-medical-point.de\/tr\/wp-json\/wp\/v2\/users\/1"}],"replies":[{"embeddable":true,"href":"https:\/\/tc-medical-point.de\/tr\/wp-json\/wp\/v2\/comments?post=815"}],"version-history":[{"count":4,"href":"https:\/\/tc-medical-point.de\/tr\/wp-json\/wp\/v2\/pages\/815\/revisions"}],"predecessor-version":[{"id":821,"href":"https:\/\/tc-medical-point.de\/tr\/wp-json\/wp\/v2\/pages\/815\/revisions\/821"}],"wp:attachment":[{"href":"https:\/\/tc-medical-point.de\/tr\/wp-json\/wp\/v2\/media?parent=815"}],"curies":[{"name":"wp","href":"https:\/\/api.w.org\/{rel}","templated":true}]}}