{"id":17,"date":"2024-03-26T14:08:43","date_gmt":"2024-03-26T14:08:43","guid":{"rendered":"https:\/\/lucid-ardinghelli.83-171-239-208.plesk.page\/?page_id=17"},"modified":"2026-02-03T12:46:31","modified_gmt":"2026-02-03T12:46:31","slug":"contact","status":"publish","type":"page","link":"https:\/\/tc-medical-point.de\/en\/kontakt\/","title":{"rendered":"Contact"},"content":{"rendered":"\t\t<div data-elementor-type=\"wp-page\" data-elementor-id=\"17\" class=\"elementor elementor-17\" data-elementor-settings=\"{&quot;ha_cmc_init_switcher&quot;:&quot;no&quot;}\" data-elementor-post-type=\"page\">\n\t\t\t\t<div class=\"elementor-element elementor-element-43ffbd2 e-flex e-con-boxed e-con e-parent\" data-id=\"43ffbd2\" data-element_type=\"container\" data-e-type=\"container\" data-settings=\"{&quot;background_background&quot;:&quot;slideshow&quot;,&quot;background_slideshow_gallery&quot;:[{&quot;id&quot;:460,&quot;url&quot;:&quot;https:\\\/\\\/tc-medical-point.de\\\/wp-content\\\/uploads\\\/2024\\\/06\\\/TC-Medical-Point-Gesundheitsreisen-Tuerkei-2879.jpg&quot;},{&quot;id&quot;:481,&quot;url&quot;:&quot;https:\\\/\\\/tc-medical-point.de\\\/wp-content\\\/uploads\\\/2024\\\/06\\\/TC-Medical-Point-Gesundheitsreisen-Tuerkei-2946.jpg&quot;}],&quot;background_slideshow_loop&quot;:&quot;yes&quot;,&quot;background_slideshow_slide_duration&quot;:5000,&quot;background_slideshow_slide_transition&quot;:&quot;fade&quot;,&quot;background_slideshow_transition_duration&quot;:500,&quot;_ha_eqh_enable&quot;:false}\">\n\t\t\t\t\t<div class=\"e-con-inner\">\n\t\t<div class=\"elementor-element elementor-element-40477fd e-con-full e-flex e-con e-child\" data-id=\"40477fd\" data-element_type=\"container\" data-e-type=\"container\" data-settings=\"{&quot;_ha_eqh_enable&quot;:false}\">\n\t\t\t\t<\/div>\n\t\t\t\t\t<\/div>\n\t\t\t\t<\/div>\n\t\t<div class=\"elementor-element elementor-element-4f54154 e-flex e-con-boxed e-con e-parent\" data-id=\"4f54154\" data-element_type=\"container\" data-e-type=\"container\" data-settings=\"{&quot;background_background&quot;:&quot;classic&quot;,&quot;_ha_eqh_enable&quot;:false}\">\n\t\t\t\t\t<div class=\"e-con-inner\">\n\t\t<div class=\"elementor-element elementor-element-8ab90d7 e-con-full e-flex e-con e-child\" data-id=\"8ab90d7\" data-element_type=\"container\" data-e-type=\"container\" data-settings=\"{&quot;_ha_eqh_enable&quot;:false}\">\n\t\t\t\t<div class=\"elementor-element elementor-element-74b85fb elementor-widget elementor-widget-shortcode\" data-id=\"74b85fb\" data-element_type=\"widget\" data-e-type=\"widget\" data-widget_type=\"shortcode.default\">\n\t\t\t\t<div class=\"elementor-widget-container\">\n\t\t\t\t\t\t\t<div class=\"elementor-shortcode\"><script src=\"\/\/widget.simplybook.it\/v2\/widget\/widget.js\" type=\"text\/javascript\"><\/script>\n<script type=\"text\/javascript\">\n    var widget = new SimplybookWidget({\"widget_type\":\"iframe\",\"url\":\"https:\\\/\\\/tcmedicalpoint.simplybook.it\",\"theme\":\"dainty\",\"theme_settings\":{\"timeline_show_end_time\":\"1\",\"timeline_hide_unavailable\":\"1\",\"hide_past_days\":\"0\",\"sb_base_color\":\"#284189\",\"secondary_color\":\"#f0f3f9\",\"sb_text_color\":\"#474747\",\"display_item_mode\":\"block\",\"body_bg_color\":\"#ffffff\",\"sb_background_image\":\"6\",\"sb_review_image\":\"7\",\"sb_review_image_preview\":\"\\\/uploads\\\/tcmedicalpoint\\\/image_files\\\/preview\\\/c8b565d5e9797b3f14ab5b4e146d451f.jpg\",\"dark_font_color\":\"#474747\",\"light_font_color\":\"#ffffff\",\"btn_color_1\":\"#ea0b2a\",\"sb_company_label_color\":\"#ffffff\",\"sb_cancellation_color\":\"#ea0b2a\",\"hide_img_mode\":\"1\"},\"timeline\":\"modern\",\"datepicker\":\"inline_datepicker\",\"is_rtl\":false,\"app_config\":{\"clear_session\":0,\"allow_switch_to_ada\":0,\"predefined\":[]}});\n<\/script><\/div>\n\t\t\t\t\t\t<\/div>\n\t\t\t\t<\/div>\n\t\t\t\t<\/div>\n\t\t<div class=\"elementor-element elementor-element-9f216db e-con-full e-flex e-con e-child\" data-id=\"9f216db\" data-element_type=\"container\" data-e-type=\"container\" data-settings=\"{&quot;_ha_eqh_enable&quot;:false}\">\n\t\t<div class=\"elementor-element elementor-element-98b297e e-con-full e-flex e-con e-child\" data-id=\"98b297e\" data-element_type=\"container\" data-e-type=\"container\" data-settings=\"{&quot;_ha_eqh_enable&quot;:false}\">\n\t\t<div class=\"elementor-element elementor-element-7dc68fd e-con-full e-flex e-con e-child\" data-id=\"7dc68fd\" data-element_type=\"container\" data-e-type=\"container\" data-settings=\"{&quot;_ha_eqh_enable&quot;:false}\">\n\t\t\t\t<div class=\"elementor-element elementor-element-9bb8f44 elementor-widget__width-initial elementor-widget elementor-widget-heading\" data-id=\"9bb8f44\" data-element_type=\"widget\" data-e-type=\"widget\" data-widget_type=\"heading.default\">\n\t\t\t\t<div class=\"elementor-widget-container\">\n\t\t\t\t\t<h1 class=\"elementor-heading-title elementor-size-default\">Pers\u00f6nliche Anbahnungsgespr\u00e4che<br> vor Ort oder per Internet-Call<\/h1>\t\t\t\t<\/div>\n\t\t\t\t<\/div>\n\t\t\t\t<div class=\"elementor-element elementor-element-235cef5 elementor-widget elementor-widget-text-editor\" data-id=\"235cef5\" data-element_type=\"widget\" data-e-type=\"widget\" data-widget_type=\"text-editor.default\">\n\t\t\t\t<div class=\"elementor-widget-container\">\n\t\t\t\t\t\t\t\t\t<p>Treffen Sie die t\u00fcrkischen Experten in einem pers\u00f6nlichen Anbahnungsgespr\u00e4ch \u2013 im Beisein approbierter \u00c4rzte \u2013 direkt in unserem Office in M\u00fcnchen oder ganz bequem online.<\/p>\t\t\t\t\t\t\t\t<\/div>\n\t\t\t\t<\/div>\n\t\t\t\t<\/div>\n\t\t\t\t<div class=\"elementor-element elementor-element-b9f7759 elementor-widget elementor-widget-image\" data-id=\"b9f7759\" data-element_type=\"widget\" data-e-type=\"widget\" data-widget_type=\"image.default\">\n\t\t\t\t<div class=\"elementor-widget-container\">\n\t\t\t\t\t\t\t\t\t\t\t\t<figure class=\"wp-caption\">\n\t\t\t\t\t\t\t\t\t\t<img fetchpriority=\"high\" decoding=\"async\" width=\"1080\" height=\"1080\" src=\"https:\/\/tc-medical-point.de\/wp-content\/uploads\/2024\/10\/Design-ohne-Titel.png\" class=\"attachment-full size-full wp-image-1033\" alt=\"Professionelle Frau im wei\u00dfen Anzug l\u00e4chelt\" srcset=\"https:\/\/tc-medical-point.de\/wp-content\/uploads\/2024\/10\/Design-ohne-Titel.png 1080w, https:\/\/tc-medical-point.de\/wp-content\/uploads\/2024\/10\/Design-ohne-Titel-300x300.png 300w, https:\/\/tc-medical-point.de\/wp-content\/uploads\/2024\/10\/Design-ohne-Titel-1024x1024.png 1024w, https:\/\/tc-medical-point.de\/wp-content\/uploads\/2024\/10\/Design-ohne-Titel-150x150.png 150w, https:\/\/tc-medical-point.de\/wp-content\/uploads\/2024\/10\/Design-ohne-Titel-768x768.png 768w, https:\/\/tc-medical-point.de\/wp-content\/uploads\/2024\/10\/Design-ohne-Titel-12x12.png 12w\" sizes=\"(max-width: 1080px) 100vw, 1080px\" \/>\t\t\t\t\t\t\t\t\t\t\t<figcaption class=\"widget-image-caption wp-caption-text\">G\u00fclsen Dural<\/figcaption>\n\t\t\t\t\t\t\t\t\t\t<\/figure>\n\t\t\t\t\t\t\t\t\t<\/div>\n\t\t\t\t<\/div>\n\t\t\t\t<\/div>\n\t\t\t\t<div class=\"elementor-element elementor-element-7977ccc6 elementor-widget elementor-widget-spacer\" data-id=\"7977ccc6\" data-element_type=\"widget\" data-e-type=\"widget\" data-widget_type=\"spacer.default\">\n\t\t\t\t<div class=\"elementor-widget-container\">\n\t\t\t\t\t\t\t<div class=\"elementor-spacer\">\n\t\t\t<div class=\"elementor-spacer-inner\"><\/div>\n\t\t<\/div>\n\t\t\t\t\t\t<\/div>\n\t\t\t\t<\/div>\n\t\t\t\t<div class=\"elementor-element elementor-element-3a9539e4 elementor-widget elementor-widget-heading\" data-id=\"3a9539e4\" data-element_type=\"widget\" data-e-type=\"widget\" data-widget_type=\"heading.default\">\n\t\t\t\t<div class=\"elementor-widget-container\">\n\t\t\t\t\t<h4 class=\"elementor-heading-title elementor-size-default\">Buchen Sie oben direkt Ihren Termin. Falls Sie weitere Fragen haben, schreiben Sie uns hier:<\/h4>\t\t\t\t<\/div>\n\t\t\t\t<\/div>\n\t\t\t\t<div class=\"elementor-element elementor-element-efcac94 elementor-button-align-start elementor-widget elementor-widget-form\" data-id=\"efcac94\" data-element_type=\"widget\" data-e-type=\"widget\" data-settings=\"{&quot;step_next_label&quot;:&quot;N\\u00e4chster&quot;,&quot;step_previous_label&quot;:&quot;Voriger&quot;,&quot;button_width&quot;:&quot;100&quot;,&quot;step_type&quot;:&quot;number_text&quot;,&quot;step_icon_shape&quot;:&quot;circle&quot;}\" data-widget_type=\"form.default\">\n\t\t\t\t<div class=\"elementor-widget-container\">\n\t\t\t\t\t\t\t<form class=\"elementor-form\" method=\"post\" name=\"Neues Formular\" aria-label=\"Neues Formular\">\n\t\t\t<input type=\"hidden\" name=\"post_id\" value=\"17\"\/>\n\t\t\t<input type=\"hidden\" name=\"form_id\" value=\"efcac94\"\/>\n\t\t\t<input type=\"hidden\" name=\"referer_title\" value=\"Kontakt\" \/>\n\n\t\t\t\t\t\t\t<input type=\"hidden\" name=\"queried_id\" value=\"17\"\/>\n\t\t\t\n\t\t\t<div class=\"elementor-form-fields-wrapper elementor-labels-\">\n\t\t\t\t\t\t\t\t<div class=\"elementor-field-type-text elementor-field-group elementor-column elementor-field-group-name elementor-col-60\">\n\t\t\t\t\t\t\t\t\t\t\t\t<label for=\"form-field-name\" class=\"elementor-field-label elementor-screen-only\">\n\t\t\t\t\t\t\t\tName\t\t\t\t\t\t\t<\/label>\n\t\t\t\t\t\t\t\t\t\t\t\t\t\t<input size=\"1\" type=\"text\" name=\"form_fields[name]\" id=\"form-field-name\" class=\"elementor-field elementor-size-sm  elementor-field-textual\" placeholder=\"Name\">\n\t\t\t\t\t\t\t\t\t\t\t<\/div>\n\t\t\t\t\t\t\t\t<div class=\"elementor-field-type-email elementor-field-group elementor-column elementor-field-group-email elementor-col-50 elementor-field-required\">\n\t\t\t\t\t\t\t\t\t\t\t\t<label for=\"form-field-email\" class=\"elementor-field-label elementor-screen-only\">\n\t\t\t\t\t\t\t\tE-Mail\t\t\t\t\t\t\t<\/label>\n\t\t\t\t\t\t\t\t\t\t\t\t\t\t<input size=\"1\" type=\"email\" name=\"form_fields[email]\" id=\"form-field-email\" class=\"elementor-field elementor-size-sm  elementor-field-textual\" placeholder=\"E-Mail\" required=\"required\">\n\t\t\t\t\t\t\t\t\t\t\t<\/div>\n\t\t\t\t\t\t\t\t<div class=\"elementor-field-type-text elementor-field-group elementor-column elementor-field-group-field_b2c2b2e elementor-col-50\">\n\t\t\t\t\t\t\t\t\t\t\t\t<label for=\"form-field-field_b2c2b2e\" class=\"elementor-field-label elementor-screen-only\">\n\t\t\t\t\t\t\t\tTelefon\t\t\t\t\t\t\t<\/label>\n\t\t\t\t\t\t\t\t\t\t\t\t\t\t<input size=\"1\" type=\"text\" name=\"form_fields[field_b2c2b2e]\" id=\"form-field-field_b2c2b2e\" class=\"elementor-field elementor-size-sm  elementor-field-textual\" placeholder=\"Telefon\">\n\t\t\t\t\t\t\t\t\t\t\t<\/div>\n\t\t\t\t\t\t\t\t<div class=\"elementor-field-type-select elementor-field-group elementor-column elementor-field-group-field_983276c elementor-col-100\">\n\t\t\t\t\t\t\t\t\t\t\t\t<label for=\"form-field-field_983276c\" class=\"elementor-field-label elementor-screen-only\">\n\t\t\t\t\t\t\t\tBitte w\u00e4hlen Sie aus.\t\t\t\t\t\t\t<\/label>\n\t\t\t\t\t\t\t\t<div class=\"elementor-field elementor-select-wrapper remove-before \">\n\t\t\t<div class=\"select-caret-down-wrapper\">\n\t\t\t\t<svg aria-hidden=\"true\" class=\"e-font-icon-svg e-eicon-caret-down\" viewBox=\"0 0 571.4 571.4\" xmlns=\"http:\/\/www.w3.org\/2000\/svg\"><path d=\"M571 393Q571 407 561 418L311 668Q300 679 286 679T261 668L11 418Q0 407 0 393T11 368 36 357H536Q550 357 561 368T571 393Z\"><\/path><\/svg>\t\t\t<\/div>\n\t\t\t<select name=\"form_fields[field_983276c]\" id=\"form-field-field_983276c\" class=\"elementor-field-textual elementor-size-sm\">\n\t\t\t\t\t\t\t\t\t<option value=\"Bitte w\u00e4hlen Sie Ihr Anliegen\">Bitte w\u00e4hlen Sie Ihr Anliegen<\/option>\n\t\t\t\t\t\t\t\t\t<option value=\"\u00c4stethik\">\u00c4stethik<\/option>\n\t\t\t\t\t\t\t\t\t<option value=\"Zahnmedizin\">Zahnmedizin<\/option>\n\t\t\t\t\t\t\t\t\t<option value=\"Haartransplantation\">Haartransplantation<\/option>\n\t\t\t\t\t\t\t\t\t<option value=\"Augenheilkunde\">Augenheilkunde<\/option>\n\t\t\t\t\t\t\t\t\t<option value=\"Anderes Anliegen\">Anderes Anliegen<\/option>\n\t\t\t\t\t\t\t<\/select>\n\t\t<\/div>\n\t\t\t\t\t\t<\/div>\n\t\t\t\t\t\t\t\t<div class=\"elementor-field-type-textarea elementor-field-group elementor-column elementor-field-group-message elementor-col-100 elementor-field-required\">\n\t\t\t\t\t\t\t\t\t\t\t\t<label for=\"form-field-message\" class=\"elementor-field-label elementor-screen-only\">\n\t\t\t\t\t\t\t\tNachricht\t\t\t\t\t\t\t<\/label>\n\t\t\t\t\t\t<textarea class=\"elementor-field-textual elementor-field  elementor-size-sm\" name=\"form_fields[message]\" id=\"form-field-message\" rows=\"4\" placeholder=\"Kurze Nachricht, was Sie w\u00fcnschen\" required=\"required\"><\/textarea>\t\t\t\t<\/div>\n\t\t\t\t\t\t\t\t<div class=\"elementor-field-type-html elementor-field-group elementor-column elementor-field-group-field_3b3d016 elementor-col-100\">\n\t\t\t\t\tJa, ich habe die <a href=\"\/datenschutz\" target=\"_blank\">Datenschutzerkl\u00e4rung <\/a>zur Kenntnis genommen und bin damit einverstanden, dass die von mir angegebenen Daten elektronisch erhoben und gespeichert werden. Meine Daten werden dabei nur streng zweckgebunden zur Bearbeitung und Beantwortung meiner Anfrage benutzt. Mit dem Absenden des Kontaktformulars erkl\u00e4re ich mich mit der Verarbeitung einverstanden.\t\t\t\t<\/div>\n\t\t\t\t\t\t\t\t<div class=\"elementor-field-type-text\">\n\t\t\t\t\t<input size=\"1\" type=\"text\" name=\"form_fields[field_192fcb6]\" id=\"form-field-field_192fcb6\" class=\"elementor-field elementor-size-sm \" style=\"display:none !important;\">\t\t\t\t<\/div>\n\t\t\t\t\t\t\t\t<div class=\"elementor-field-type-recaptcha_v3 elementor-field-group elementor-column elementor-field-group-field_79948b2 elementor-col-100 recaptcha_v3-bottomright\">\n\t\t\t\t\t<div class=\"elementor-field\" id=\"form-field-field_79948b2\"><div class=\"elementor-g-recaptcha\" data-sitekey=\"6Ld-Y14qAAAAAEfSAtD1Nmv6i-foD2KXz8t69MKx\" data-type=\"v3\" data-action=\"Form\" data-badge=\"bottomright\" data-size=\"invisible\"><\/div><\/div>\t\t\t\t<\/div>\n\t\t\t\t\t\t\t\t<div class=\"elementor-field-group elementor-column elementor-field-type-submit elementor-col-100 e-form__buttons\">\n\t\t\t\t\t<button class=\"elementor-button elementor-size-sm\" type=\"submit\">\n\t\t\t\t\t\t<span class=\"elementor-button-content-wrapper\">\n\t\t\t\t\t\t\t\t\t\t\t\t\t\t\t\t\t\t\t\t\t\t<span class=\"elementor-button-text\">Jetzt Termin vereinbaren<\/span>\n\t\t\t\t\t\t\t\t\t\t\t\t\t<\/span>\n\t\t\t\t\t<\/button>\n\t\t\t\t<\/div>\n\t\t\t<\/div>\n\t\t<\/form>\n\t\t\t\t\t\t<\/div>\n\t\t\t\t<\/div>\n\t\t\t\t<\/div>\n\t\t<div class=\"elementor-element elementor-element-4fb0f3d7 e-con-full e-flex e-con e-child\" data-id=\"4fb0f3d7\" data-element_type=\"container\" data-e-type=\"container\" data-settings=\"{&quot;_ha_eqh_enable&quot;:false}\">\n\t\t<div class=\"elementor-element elementor-element-77a1e83f e-con-full e-flex e-con e-child\" data-id=\"77a1e83f\" data-element_type=\"container\" data-e-type=\"container\" data-settings=\"{&quot;background_background&quot;:&quot;classic&quot;,&quot;_ha_eqh_enable&quot;:false}\">\n\t\t\t\t<div class=\"elementor-element elementor-element-10cee93a elementor-widget elementor-widget-image\" data-id=\"10cee93a\" data-element_type=\"widget\" data-e-type=\"widget\" data-widget_type=\"image.default\">\n\t\t\t\t<div class=\"elementor-widget-container\">\n\t\t\t\t\t\t\t\t\t\t\t\t\t\t\t<img decoding=\"async\" width=\"800\" height=\"179\" src=\"https:\/\/tc-medical-point.de\/wp-content\/uploads\/2024\/07\/TC-Medical-Point-Logo.svg\" class=\"attachment-large size-large wp-image-800\" alt=\"\" \/>\t\t\t\t\t\t\t\t\t\t\t\t\t\t\t<\/div>\n\t\t\t\t<\/div>\n\t\t<div class=\"elementor-element elementor-element-c821f3c e-con-full e-flex e-con e-child\" data-id=\"c821f3c\" data-element_type=\"container\" data-e-type=\"container\" data-settings=\"{&quot;_ha_eqh_enable&quot;:false}\">\n\t\t<div class=\"elementor-element elementor-element-fd5ca0e e-con-full e-flex e-con e-child\" data-id=\"fd5ca0e\" data-element_type=\"container\" data-e-type=\"container\" data-settings=\"{&quot;_ha_eqh_enable&quot;:false}\">\n\t\t\t\t<div class=\"elementor-element elementor-element-305ea66 elementor-widget elementor-widget-heading\" data-id=\"305ea66\" data-element_type=\"widget\" data-e-type=\"widget\" data-widget_type=\"heading.default\">\n\t\t\t\t<div class=\"elementor-widget-container\">\n\t\t\t\t\t<h4 class=\"elementor-heading-title elementor-size-default\">TC Medical Point M\u00fcnchen GmbH<\/h4>\t\t\t\t<\/div>\n\t\t\t\t<\/div>\n\t\t\t\t<div class=\"elementor-element elementor-element-1ea7dd13 elementor-widget elementor-widget-text-editor\" data-id=\"1ea7dd13\" data-element_type=\"widget\" data-e-type=\"widget\" data-widget_type=\"text-editor.default\">\n\t\t\t\t<div class=\"elementor-widget-container\">\n\t\t\t\t\t\t\t\t\t<p>Fritz-Hommel-Weg 4<br \/>80805 M\u00fcnchen<br \/>Deutschland<\/p>\t\t\t\t\t\t\t\t<\/div>\n\t\t\t\t<\/div>\n\t\t\t\t<\/div>\n\t\t\t\t<\/div>\n\t\t\t\t<div class=\"elementor-element elementor-element-1b073e66 elementor-widget elementor-widget-heading\" data-id=\"1b073e66\" data-element_type=\"widget\" data-e-type=\"widget\" data-widget_type=\"heading.default\">\n\t\t\t\t<div class=\"elementor-widget-container\">\n\t\t\t\t\t<h5 class=\"elementor-heading-title elementor-size-default\">\u00d6ffnungszeiten<\/h5>\t\t\t\t<\/div>\n\t\t\t\t<\/div>\n\t\t\t\t<div class=\"elementor-element elementor-element-17a924fe elementor-widget__width-initial elementor-widget elementor-widget-html\" data-id=\"17a924fe\" data-element_type=\"widget\" data-e-type=\"widget\" data-widget_type=\"html.default\">\n\t\t\t\t<div class=\"elementor-widget-container\">\n\t\t\t\t\t<style>\n    table { width: 100%; border-collapse: none;  border:none!important; }\n    th, td { padding: 5px!important; text-align: left; border: none!important; }\n    th { background-color: #f2f2f2; }\n    @media (max-width: 600px) {\n        th, td {width: 100%; }\n        th { background-color: #e8e8e8; }\n    }\n<\/style>\n<\/head>\n<body>\n<table>\n    <tbody>\n        <tr>\n            <td>Montag - Freitag<\/td>\n            <td>10 - 18 Uhr<\/td>\n        <\/tr>\n        <tr>\n            <td>Samstag<\/td>\n            <td>10 - 15 Uhr<\/td>\n        <\/tr>\n        <tr>\n            <td>Sonntag<\/td>\n            <td>geschlossen<\/td>\n        <\/tr>\n    <\/tbody>\n<\/table>\t\t\t\t<\/div>\n\t\t\t\t<\/div>\n\t\t\t\t<div class=\"elementor-element elementor-element-4989ff2 elementor-widget elementor-widget-ha-google-map happy-addon ha-google-map happy-addon-pro\" data-id=\"4989ff2\" data-element_type=\"widget\" data-e-type=\"widget\" data-widget_type=\"ha-google-map.default\">\n\t\t\t\t<div class=\"elementor-widget-container\">\n\t\t\t\t\t\t\t<div class=\"ha-adv-google-map\">\n\t\t\t<div class=\"ha-adv-google-map__wrapper\n\t\t\t\t\t\t\t\t\t\t\t\t\t\t\t\t\t\t\"\n\t\t\tdata-latitude=\"48.755496\"\n\t\t\tdata-longitude=\"11.415491\"\n\t\t\tdata-map-type=\"roadmap\"\n\t\t\tdata-map-zoom=\"7\"\n\t\t\tdata-map-zoom-tablet=\"10\"\n\t\t\tdata-map-zoom-mobile=\"12\"\n\t\t\tdata-scroll-wheel-zoom=\"false\"\n\t\t\tdata-info-open=\"false\"\n\t\t\tdata-info-open-hover=\"false\"\n\t\t\tdata-zoom-control=\"false\"\n\t\t\tdata-full-screen=\"false\"\n\t\t\tdata-disable-map-drag=\"false\"\n\t\t\tdata-show-legend=\"false\"\n\t\t\tdata-map-type-control=\"\"\n\t\t\tdata-street-view=\"false\"\n\t\t\tdata-hide-logo=\"\"\n\t\t\tdata-hide-copyright=\"\"\n\t\t\tdata-hide-tou=\"\"\n\t\t\tdata-hide-report=\"\"\n\t\t\tdata-hide-keyboard=\"\"\n\t\t\tdata-markers=\"[{&quot;pin_item_title&quot;:&quot;Standort M\\u00fcnchen&quot;,&quot;_id&quot;:&quot;9f02445&quot;,&quot;pin_latitude&quot;:&quot;48.172770&quot;,&quot;pin_longitude&quot;:&quot;11.595520&quot;,&quot;pin_icon&quot;:{&quot;url&quot;:&quot;&quot;,&quot;id&quot;:&quot;&quot;,&quot;size&quot;:&quot;&quot;},&quot;rectangular_image&quot;:&quot;no&quot;,&quot;square_pin_size&quot;:{&quot;unit&quot;:&quot;px&quot;,&quot;size&quot;:50,&quot;sizes&quot;:[]},&quot;rectangular_pin_size_height&quot;:null,&quot;rectangular_pin_size_width&quot;:null,&quot;pin_item_description&quot;:&quot;&quot;}]\"\n\t\t\tdata-google-map-type=\"routes\"\n\t\t\tdata-polylines=\"[]\"\n\t\t\tdata-map-style=\"standard\"\n\t\t\tdata-custom-map-style=\"\"\n\t\t\tdata-stroke-color=\"#e23a47\"\n\t\t\tdata-stroke-opacity=\"0.8\"\n\t\t\tdata-stroke-weight=\"4\"\n\t\t\tdata-stroke-fill=\"#e23a47\"\n\t\t\tdata-stroke-fill-opacity=\"0.4\"\n\t\t\tdata-origin-lat=\"-12.044012922866312\"\n\t\t\tdata-origin-lng=\"-77.02470665341184\"\n\t\t\tdata-dest-lat=\"-12.090814532191756\"\n\t\t\tdata-dest-lng=\"-77.02271108990476\"\n\t\t\tdata-travel-mode=\"walking\"\n\t\t\t><\/div>\n\n\t\t\t\n\t\t<\/div>\n\t\t\t\t\t\t<\/div>\n\t\t\t\t<\/div>\n\t\t<div class=\"elementor-element elementor-element-28bcdc9 e-con-full e-flex e-con e-child\" data-id=\"28bcdc9\" data-element_type=\"container\" data-e-type=\"container\" data-settings=\"{&quot;_ha_eqh_enable&quot;:false}\">\n\t\t\t\t<div class=\"elementor-element elementor-element-b023e52 elementor-widget elementor-widget-button\" data-id=\"b023e52\" data-element_type=\"widget\" data-e-type=\"widget\" data-widget_type=\"button.default\">\n\t\t\t\t<div class=\"elementor-widget-container\">\n\t\t\t\t\t\t\t\t\t<div class=\"elementor-button-wrapper\">\n\t\t\t\t\t<a class=\"elementor-button elementor-button-link elementor-size-sm\" href=\"https:\/\/maps.app.goo.gl\/Ppndgg2RYsR5ZqFp7\" target=\"_blank\">\n\t\t\t\t\t\t<span class=\"elementor-button-content-wrapper\">\n\t\t\t\t\t\t<span class=\"elementor-button-icon\">\n\t\t\t\t<svg aria-hidden=\"true\" class=\"e-font-icon-svg e-fas-angle-right\" viewBox=\"0 0 256 512\" xmlns=\"http:\/\/www.w3.org\/2000\/svg\"><path d=\"M224.3 273l-136 136c-9.4 9.4-24.6 9.4-33.9 0l-22.6-22.6c-9.4-9.4-9.4-24.6 0-33.9l96.4-96.4-96.4-96.4c-9.4-9.4-9.4-24.6 0-33.9L54.3 103c9.4-9.4 24.6-9.4 33.9 0l136 136c9.5 9.4 9.5 24.6.1 34z\"><\/path><\/svg>\t\t\t<\/span>\n\t\t\t\t\t\t\t\t\t<span class=\"elementor-button-text\">Anfahrt M\u00fcnchen<\/span>\n\t\t\t\t\t<\/span>\n\t\t\t\t\t<\/a>\n\t\t\t\t<\/div>\n\t\t\t\t\t\t\t\t<\/div>\n\t\t\t\t<\/div>\n\t\t\t\t<\/div>\n\t\t\t\t<\/div>\n\t\t\t\t<\/div>\n\t\t\t\t\t<\/div>\n\t\t\t\t<\/div>\n\t\t\t\t<\/div>\n\t\t","protected":false},"excerpt":{"rendered":"<p>Pers\u00f6nliche Anbahnungsgespr\u00e4che vor Ort oder per Internet-Call Treffen Sie die t\u00fcrkischen Experten in einem pers\u00f6nlichen Anbahnungsgespr\u00e4ch \u2013 im Beisein approbierter \u00c4rzte \u2013 direkt in unserem Office in M\u00fcnchen oder ganz bequem online. G\u00fclsen Dural Buchen Sie oben direkt Ihren Termin. Falls Sie weitere Fragen haben, schreiben Sie uns hier: TC Medical Point M\u00fcnchen GmbH Fritz-Hommel-Weg [&hellip;]<\/p>\n","protected":false},"author":1,"featured_media":0,"parent":0,"menu_order":0,"comment_status":"closed","ping_status":"closed","template":"","meta":{"_seopress_robots_primary_cat":"","_seopress_titles_title":"Kostenloses Erstgespr\u00e4ch - Expertenberatung Online &amp; Vor Ort","_seopress_titles_desc":"Treffen Sie unsere \u00c4rzte kostenlos vor Ort oder online! Buchen Sie Ihr Erstgespr\u00e4ch in M\u00fcnchen, Fritz-Hommel-Weg 4.","_seopress_robots_index":"","footnotes":""},"class_list":["post-17","page","type-page","status-publish","hentry"],"_links":{"self":[{"href":"https:\/\/tc-medical-point.de\/en\/wp-json\/wp\/v2\/pages\/17","targetHints":{"allow":["GET"]}}],"collection":[{"href":"https:\/\/tc-medical-point.de\/en\/wp-json\/wp\/v2\/pages"}],"about":[{"href":"https:\/\/tc-medical-point.de\/en\/wp-json\/wp\/v2\/types\/page"}],"author":[{"embeddable":true,"href":"https:\/\/tc-medical-point.de\/en\/wp-json\/wp\/v2\/users\/1"}],"replies":[{"embeddable":true,"href":"https:\/\/tc-medical-point.de\/en\/wp-json\/wp\/v2\/comments?post=17"}],"version-history":[{"count":142,"href":"https:\/\/tc-medical-point.de\/en\/wp-json\/wp\/v2\/pages\/17\/revisions"}],"predecessor-version":[{"id":1837,"href":"https:\/\/tc-medical-point.de\/en\/wp-json\/wp\/v2\/pages\/17\/revisions\/1837"}],"wp:attachment":[{"href":"https:\/\/tc-medical-point.de\/en\/wp-json\/wp\/v2\/media?parent=17"}],"curies":[{"name":"wp","href":"https:\/\/api.w.org\/{rel}","templated":true}]}}